{"id":2,"date":"2016-05-10T03:48:21","date_gmt":"2016-05-10T03:48:21","guid":{"rendered":"http:\/\/urlaub-am-schwielowsee.de\/?page_id=2"},"modified":"2025-08-27T13:56:16","modified_gmt":"2025-08-27T11:56:16","slug":"sample-page","status":"publish","type":"page","link":"https:\/\/www.urlaub-am-schwielowsee.de\/","title":{"rendered":"Urlaub am Schwielowsee"},"content":{"rendered":"<p>Wollen Sie am wundersch\u00f6nen Schwielowsee in einem eigenen Wochenendhaus in ruhiger Lage die Natur genie\u00dfen?<\/p>\n<p>Wollen Sie dennoch kurze Wege zur Metropole Berlin oder zur Landeshauptstadt Potsdam mit vielen kulturellen Sehensw\u00fcrdigkeiten haben?<\/p>\n<p>Dann sind Sie bei uns goldrichtig. Unser kleines, exclusives Wochenendhaus mit viel Liebe zum Detail wird Sie begeistern.<\/p>\n<p>Dieses Haus k\u00f6nnen Sie langfristig anmieten.<\/p>\n<p>Nehmen sie Kontakt auf:<\/p>\n<p>info@urlaub-am-schwielowsee.de<\/p>\n","protected":false},"excerpt":{"rendered":"<p>Wollen Sie am wundersch\u00f6nen Schwielowsee in einem eigenen Wochenendhaus in ruhiger Lage die Natur genie\u00dfen? Wollen Sie dennoch kurze Wege zur Metropole Berlin oder zur Landeshauptstadt Potsdam mit vielen kulturellen Sehensw\u00fcrdigkeiten haben? Dann sind Sie bei uns goldrichtig. Unser kleines, exclusives Wochenendhaus mit viel Liebe zum Detail wird Sie begeistern. Dieses Haus k\u00f6nnen Sie langfristig &hellip; <\/p>\n<p class=\"link-more\"><a href=\"https:\/\/www.urlaub-am-schwielowsee.de\/\" class=\"more-link\"><span class=\"screen-reader-text\">\u201eUrlaub am Schwielowsee\u201c<\/span> weiterlesen<\/a><\/p>\n","protected":false},"author":1,"featured_media":0,"parent":0,"menu_order":0,"comment_status":"closed","ping_status":"open","template":"","meta":{"footnotes":""},"class_list":["post-2","page","type-page","status-publish","hentry"],"yoast_head":"<!-- This site is optimized with the Yoast SEO plugin v25.6 - https:\/\/yoast.com\/wordpress\/plugins\/seo\/ -->\n<title>Urlaub am Schwielowsee - Urlaub am Schwielowsee<\/title>\n<meta name=\"robots\" content=\"index, follow, max-snippet:-1, max-image-preview:large, max-video-preview:-1\" \/>\n<link rel=\"canonical\" href=\"https:\/\/www.urlaub-am-schwielowsee.de\/\" \/>\n<meta property=\"og:locale\" content=\"de_DE\" \/>\n<meta property=\"og:type\" content=\"article\" \/>\n<meta property=\"og:title\" content=\"Urlaub am Schwielowsee - Urlaub am Schwielowsee\" \/>\n<meta property=\"og:description\" content=\"Wollen Sie am wundersch\u00f6nen Schwielowsee in einem eigenen Wochenendhaus in ruhiger Lage die Natur genie\u00dfen? Wollen Sie dennoch kurze Wege zur Metropole Berlin oder zur Landeshauptstadt Potsdam mit vielen kulturellen Sehensw\u00fcrdigkeiten haben? Dann sind Sie bei uns goldrichtig. Unser kleines, exclusives Wochenendhaus mit viel Liebe zum Detail wird Sie begeistern. Dieses Haus k\u00f6nnen Sie langfristig &hellip; \u201eUrlaub am Schwielowsee\u201c weiterlesen\" \/>\n<meta property=\"og:url\" content=\"https:\/\/www.urlaub-am-schwielowsee.de\/\" \/>\n<meta property=\"og:site_name\" content=\"Urlaub am Schwielowsee\" \/>\n<meta property=\"article:modified_time\" content=\"2025-08-27T11:56:16+00:00\" \/>\n<meta name=\"twitter:card\" content=\"summary_large_image\" \/>\n<meta name=\"twitter:label1\" content=\"Gesch\u00e4tzte Lesezeit\" \/>\n\t<meta name=\"twitter:data1\" content=\"1\u00a0Minute\" \/>\n<script type=\"application\/ld+json\" class=\"yoast-schema-graph\">{\"@context\":\"https:\/\/schema.org\",\"@graph\":[{\"@type\":\"WebPage\",\"@id\":\"https:\/\/www.urlaub-am-schwielowsee.de\/\",\"url\":\"https:\/\/www.urlaub-am-schwielowsee.de\/\",\"name\":\"Urlaub am Schwielowsee - Urlaub am Schwielowsee\",\"isPartOf\":{\"@id\":\"https:\/\/www.urlaub-am-schwielowsee.de\/#website\"},\"datePublished\":\"2016-05-10T03:48:21+00:00\",\"dateModified\":\"2025-08-27T11:56:16+00:00\",\"breadcrumb\":{\"@id\":\"https:\/\/www.urlaub-am-schwielowsee.de\/#breadcrumb\"},\"inLanguage\":\"de\",\"potentialAction\":[{\"@type\":\"ReadAction\",\"target\":[\"https:\/\/www.urlaub-am-schwielowsee.de\/\"]}]},{\"@type\":\"BreadcrumbList\",\"@id\":\"https:\/\/www.urlaub-am-schwielowsee.de\/#breadcrumb\",\"itemListElement\":[{\"@type\":\"ListItem\",\"position\":1,\"name\":\"Startseite\",\"item\":\"https:\/\/www.urlaub-am-schwielowsee.de\/\"},{\"@type\":\"ListItem\",\"position\":2,\"name\":\"Urlaub am Schwielowsee\"}]},{\"@type\":\"WebSite\",\"@id\":\"https:\/\/www.urlaub-am-schwielowsee.de\/#website\",\"url\":\"https:\/\/www.urlaub-am-schwielowsee.de\/\",\"name\":\"Urlaub am Schwielowsee\",\"description\":\"... und jedes Wochenende ist ein Feuerwerk!\",\"publisher\":{\"@id\":\"https:\/\/www.urlaub-am-schwielowsee.de\/#organization\"},\"potentialAction\":[{\"@type\":\"SearchAction\",\"target\":{\"@type\":\"EntryPoint\",\"urlTemplate\":\"https:\/\/www.urlaub-am-schwielowsee.de\/?s={search_term_string}\"},\"query-input\":{\"@type\":\"PropertyValueSpecification\",\"valueRequired\":true,\"valueName\":\"search_term_string\"}}],\"inLanguage\":\"de\"},{\"@type\":\"Organization\",\"@id\":\"https:\/\/www.urlaub-am-schwielowsee.de\/#organization\",\"name\":\"Ferienhaus Sonnenblitz\",\"url\":\"https:\/\/www.urlaub-am-schwielowsee.de\/\",\"logo\":{\"@type\":\"ImageObject\",\"inLanguage\":\"de\",\"@id\":\"https:\/\/www.urlaub-am-schwielowsee.de\/#\/schema\/logo\/image\/\",\"url\":\"\",\"contentUrl\":\"\",\"caption\":\"Ferienhaus Sonnenblitz\"},\"image\":{\"@id\":\"https:\/\/www.urlaub-am-schwielowsee.de\/#\/schema\/logo\/image\/\"}}]}<\/script>\n<!-- \/ Yoast SEO plugin. -->","yoast_head_json":{"title":"Urlaub am Schwielowsee - Urlaub am Schwielowsee","robots":{"index":"index","follow":"follow","max-snippet":"max-snippet:-1","max-image-preview":"max-image-preview:large","max-video-preview":"max-video-preview:-1"},"canonical":"https:\/\/www.urlaub-am-schwielowsee.de\/","og_locale":"de_DE","og_type":"article","og_title":"Urlaub am Schwielowsee - Urlaub am Schwielowsee","og_description":"Wollen Sie am wundersch\u00f6nen Schwielowsee in einem eigenen Wochenendhaus in ruhiger Lage die Natur genie\u00dfen? Wollen Sie dennoch kurze Wege zur Metropole Berlin oder zur Landeshauptstadt Potsdam mit vielen kulturellen Sehensw\u00fcrdigkeiten haben? Dann sind Sie bei uns goldrichtig. Unser kleines, exclusives Wochenendhaus mit viel Liebe zum Detail wird Sie begeistern. Dieses Haus k\u00f6nnen Sie langfristig &hellip; \u201eUrlaub am Schwielowsee\u201c weiterlesen","og_url":"https:\/\/www.urlaub-am-schwielowsee.de\/","og_site_name":"Urlaub am Schwielowsee","article_modified_time":"2025-08-27T11:56:16+00:00","twitter_card":"summary_large_image","twitter_misc":{"Gesch\u00e4tzte Lesezeit":"1\u00a0Minute"},"schema":{"@context":"https:\/\/schema.org","@graph":[{"@type":"WebPage","@id":"https:\/\/www.urlaub-am-schwielowsee.de\/","url":"https:\/\/www.urlaub-am-schwielowsee.de\/","name":"Urlaub am Schwielowsee - Urlaub am Schwielowsee","isPartOf":{"@id":"https:\/\/www.urlaub-am-schwielowsee.de\/#website"},"datePublished":"2016-05-10T03:48:21+00:00","dateModified":"2025-08-27T11:56:16+00:00","breadcrumb":{"@id":"https:\/\/www.urlaub-am-schwielowsee.de\/#breadcrumb"},"inLanguage":"de","potentialAction":[{"@type":"ReadAction","target":["https:\/\/www.urlaub-am-schwielowsee.de\/"]}]},{"@type":"BreadcrumbList","@id":"https:\/\/www.urlaub-am-schwielowsee.de\/#breadcrumb","itemListElement":[{"@type":"ListItem","position":1,"name":"Startseite","item":"https:\/\/www.urlaub-am-schwielowsee.de\/"},{"@type":"ListItem","position":2,"name":"Urlaub am Schwielowsee"}]},{"@type":"WebSite","@id":"https:\/\/www.urlaub-am-schwielowsee.de\/#website","url":"https:\/\/www.urlaub-am-schwielowsee.de\/","name":"Urlaub am Schwielowsee","description":"... und jedes Wochenende ist ein Feuerwerk!","publisher":{"@id":"https:\/\/www.urlaub-am-schwielowsee.de\/#organization"},"potentialAction":[{"@type":"SearchAction","target":{"@type":"EntryPoint","urlTemplate":"https:\/\/www.urlaub-am-schwielowsee.de\/?s={search_term_string}"},"query-input":{"@type":"PropertyValueSpecification","valueRequired":true,"valueName":"search_term_string"}}],"inLanguage":"de"},{"@type":"Organization","@id":"https:\/\/www.urlaub-am-schwielowsee.de\/#organization","name":"Ferienhaus Sonnenblitz","url":"https:\/\/www.urlaub-am-schwielowsee.de\/","logo":{"@type":"ImageObject","inLanguage":"de","@id":"https:\/\/www.urlaub-am-schwielowsee.de\/#\/schema\/logo\/image\/","url":"","contentUrl":"","caption":"Ferienhaus Sonnenblitz"},"image":{"@id":"https:\/\/www.urlaub-am-schwielowsee.de\/#\/schema\/logo\/image\/"}}]}},"jetpack_sharing_enabled":true,"_links":{"self":[{"href":"https:\/\/www.urlaub-am-schwielowsee.de\/index.php?rest_route=\/wp\/v2\/pages\/2","targetHints":{"allow":["GET"]}}],"collection":[{"href":"https:\/\/www.urlaub-am-schwielowsee.de\/index.php?rest_route=\/wp\/v2\/pages"}],"about":[{"href":"https:\/\/www.urlaub-am-schwielowsee.de\/index.php?rest_route=\/wp\/v2\/types\/page"}],"author":[{"embeddable":true,"href":"https:\/\/www.urlaub-am-schwielowsee.de\/index.php?rest_route=\/wp\/v2\/users\/1"}],"replies":[{"embeddable":true,"href":"https:\/\/www.urlaub-am-schwielowsee.de\/index.php?rest_route=%2Fwp%2Fv2%2Fcomments&post=2"}],"version-history":[{"count":12,"href":"https:\/\/www.urlaub-am-schwielowsee.de\/index.php?rest_route=\/wp\/v2\/pages\/2\/revisions"}],"predecessor-version":[{"id":274,"href":"https:\/\/www.urlaub-am-schwielowsee.de\/index.php?rest_route=\/wp\/v2\/pages\/2\/revisions\/274"}],"wp:attachment":[{"href":"https:\/\/www.urlaub-am-schwielowsee.de\/index.php?rest_route=%2Fwp%2Fv2%2Fmedia&parent=2"}],"curies":[{"name":"wp","href":"https:\/\/api.w.org\/{rel}","templated":true}]}}