{"id":39,"date":"2019-08-13T20:58:11","date_gmt":"2019-08-13T20:58:11","guid":{"rendered":"http:\/\/urlaub-am-schwielowsee.de\/?page_id=39"},"modified":"2025-08-03T14:07:18","modified_gmt":"2025-08-03T12:07:18","slug":"galerie","status":"publish","type":"page","link":"https:\/\/www.urlaub-am-schwielowsee.de\/?page_id=39","title":{"rendered":"Galerie"},"content":{"rendered":"\n<h2 class=\"wp-block-heading has-text-align-center\">Haus Sonnenblitz<\/h2>\n\n\n\n<figure class=\"wp-block-image size-large\"><img data-recalc-dims=\"1\" loading=\"lazy\" decoding=\"async\" width=\"525\" height=\"394\" src=\"https:\/\/i0.wp.com\/www.urlaub-am-schwielowsee.de\/wp-content\/uploads\/2020\/08\/IMG_4607.jpg?resize=525%2C394\" alt=\"\" class=\"wp-image-185\" srcset=\"https:\/\/i0.wp.com\/www.urlaub-am-schwielowsee.de\/wp-content\/uploads\/2020\/08\/IMG_4607-scaled.jpg?resize=1024%2C768&amp;ssl=1 1024w, https:\/\/i0.wp.com\/www.urlaub-am-schwielowsee.de\/wp-content\/uploads\/2020\/08\/IMG_4607-scaled.jpg?resize=300%2C225&amp;ssl=1 300w, https:\/\/i0.wp.com\/www.urlaub-am-schwielowsee.de\/wp-content\/uploads\/2020\/08\/IMG_4607-scaled.jpg?resize=768%2C576&amp;ssl=1 768w, https:\/\/i0.wp.com\/www.urlaub-am-schwielowsee.de\/wp-content\/uploads\/2020\/08\/IMG_4607-scaled.jpg?resize=1536%2C1152&amp;ssl=1 1536w, https:\/\/i0.wp.com\/www.urlaub-am-schwielowsee.de\/wp-content\/uploads\/2020\/08\/IMG_4607-scaled.jpg?resize=2048%2C1536&amp;ssl=1 2048w\" sizes=\"auto, (max-width: 767px) 89vw, (max-width: 1000px) 54vw, (max-width: 1071px) 543px, 580px\" \/><figcaption class=\"wp-element-caption\">Haus Sonnenblitz von der Stra\u00dfe aus gesehen<\/figcaption><\/figure>\n\n\n\n<figure class=\"wp-block-image size-large\"><img data-recalc-dims=\"1\" loading=\"lazy\" decoding=\"async\" width=\"525\" height=\"394\" src=\"https:\/\/i0.wp.com\/www.urlaub-am-schwielowsee.de\/wp-content\/uploads\/2020\/08\/IMG_4596.jpg?resize=525%2C394\" alt=\"\" class=\"wp-image-181\" srcset=\"https:\/\/i0.wp.com\/www.urlaub-am-schwielowsee.de\/wp-content\/uploads\/2020\/08\/IMG_4596-scaled.jpg?resize=1024%2C768&amp;ssl=1 1024w, https:\/\/i0.wp.com\/www.urlaub-am-schwielowsee.de\/wp-content\/uploads\/2020\/08\/IMG_4596-scaled.jpg?resize=300%2C225&amp;ssl=1 300w, https:\/\/i0.wp.com\/www.urlaub-am-schwielowsee.de\/wp-content\/uploads\/2020\/08\/IMG_4596-scaled.jpg?resize=768%2C576&amp;ssl=1 768w, https:\/\/i0.wp.com\/www.urlaub-am-schwielowsee.de\/wp-content\/uploads\/2020\/08\/IMG_4596-scaled.jpg?resize=1536%2C1152&amp;ssl=1 1536w, https:\/\/i0.wp.com\/www.urlaub-am-schwielowsee.de\/wp-content\/uploads\/2020\/08\/IMG_4596-scaled.jpg?resize=2048%2C1536&amp;ssl=1 2048w\" sizes=\"auto, (max-width: 767px) 89vw, (max-width: 1000px) 54vw, (max-width: 1071px) 543px, 580px\" \/><figcaption class=\"wp-element-caption\">Terasse und Seitenansicht. Ein Kaminofen sorgt f\u00fcr W\u00e4rme auch bei k\u00fchleren Temperaturen<\/figcaption><\/figure>\n\n\n\n<figure class=\"wp-block-image size-large\"><img data-recalc-dims=\"1\" loading=\"lazy\" decoding=\"async\" width=\"525\" height=\"394\" src=\"https:\/\/i0.wp.com\/www.urlaub-am-schwielowsee.de\/wp-content\/uploads\/2020\/08\/IMG_4765-2.jpg?resize=525%2C394\" alt=\"\" class=\"wp-image-192\" srcset=\"https:\/\/i0.wp.com\/www.urlaub-am-schwielowsee.de\/wp-content\/uploads\/2020\/08\/IMG_4765-2-scaled.jpg?resize=1024%2C768&amp;ssl=1 1024w, https:\/\/i0.wp.com\/www.urlaub-am-schwielowsee.de\/wp-content\/uploads\/2020\/08\/IMG_4765-2-scaled.jpg?resize=300%2C225&amp;ssl=1 300w, https:\/\/i0.wp.com\/www.urlaub-am-schwielowsee.de\/wp-content\/uploads\/2020\/08\/IMG_4765-2-scaled.jpg?resize=768%2C576&amp;ssl=1 768w, https:\/\/i0.wp.com\/www.urlaub-am-schwielowsee.de\/wp-content\/uploads\/2020\/08\/IMG_4765-2-scaled.jpg?resize=1536%2C1152&amp;ssl=1 1536w, https:\/\/i0.wp.com\/www.urlaub-am-schwielowsee.de\/wp-content\/uploads\/2020\/08\/IMG_4765-2-scaled.jpg?resize=2048%2C1536&amp;ssl=1 2048w\" sizes=\"auto, (max-width: 767px) 89vw, (max-width: 1000px) 54vw, (max-width: 1071px) 543px, 580px\" \/><figcaption class=\"wp-element-caption\">Blick von der Veranda auf den Garten<\/figcaption><\/figure>\n\n\n\n<h2 class=\"wp-block-heading has-text-align-center\">Innenansichten<\/h2>\n\n\n\n<figure class=\"wp-block-image size-large\"><img data-recalc-dims=\"1\" loading=\"lazy\" decoding=\"async\" width=\"525\" height=\"700\" src=\"https:\/\/i0.wp.com\/www.urlaub-am-schwielowsee.de\/wp-content\/uploads\/2020\/08\/IMG_4603-scaled.jpg?resize=525%2C700\" alt=\"\" class=\"wp-image-183\" srcset=\"https:\/\/i0.wp.com\/www.urlaub-am-schwielowsee.de\/wp-content\/uploads\/2020\/08\/IMG_4603-scaled.jpg?w=1920&amp;ssl=1 1920w, https:\/\/i0.wp.com\/www.urlaub-am-schwielowsee.de\/wp-content\/uploads\/2020\/08\/IMG_4603-scaled.jpg?resize=225%2C300&amp;ssl=1 225w, https:\/\/i0.wp.com\/www.urlaub-am-schwielowsee.de\/wp-content\/uploads\/2020\/08\/IMG_4603-scaled.jpg?resize=1152%2C1536&amp;ssl=1 1152w, https:\/\/i0.wp.com\/www.urlaub-am-schwielowsee.de\/wp-content\/uploads\/2020\/08\/IMG_4603-scaled.jpg?resize=1536%2C2048&amp;ssl=1 1536w, https:\/\/i0.wp.com\/www.urlaub-am-schwielowsee.de\/wp-content\/uploads\/2020\/08\/IMG_4603-scaled.jpg?w=1050 1050w\" sizes=\"auto, (max-width: 767px) 89vw, (max-width: 1000px) 54vw, (max-width: 1071px) 543px, 580px\" \/><figcaption class=\"wp-element-caption\">Blick ins Wohnzimmer mit offener K\u00fcche <\/figcaption><\/figure>\n\n\n\n<figure class=\"wp-block-image size-large\"><img data-recalc-dims=\"1\" loading=\"lazy\" decoding=\"async\" width=\"525\" height=\"700\" src=\"https:\/\/i0.wp.com\/www.urlaub-am-schwielowsee.de\/wp-content\/uploads\/2020\/08\/IMG_4604-scaled.jpg?resize=525%2C700\" alt=\"\" class=\"wp-image-184\" srcset=\"https:\/\/i0.wp.com\/www.urlaub-am-schwielowsee.de\/wp-content\/uploads\/2020\/08\/IMG_4604-scaled.jpg?w=1920&amp;ssl=1 1920w, https:\/\/i0.wp.com\/www.urlaub-am-schwielowsee.de\/wp-content\/uploads\/2020\/08\/IMG_4604-scaled.jpg?resize=225%2C300&amp;ssl=1 225w, https:\/\/i0.wp.com\/www.urlaub-am-schwielowsee.de\/wp-content\/uploads\/2020\/08\/IMG_4604-scaled.jpg?resize=1152%2C1536&amp;ssl=1 1152w, https:\/\/i0.wp.com\/www.urlaub-am-schwielowsee.de\/wp-content\/uploads\/2020\/08\/IMG_4604-scaled.jpg?resize=1536%2C2048&amp;ssl=1 1536w, https:\/\/i0.wp.com\/www.urlaub-am-schwielowsee.de\/wp-content\/uploads\/2020\/08\/IMG_4604-scaled.jpg?w=1050 1050w\" sizes=\"auto, (max-width: 767px) 89vw, (max-width: 1000px) 54vw, (max-width: 1071px) 543px, 580px\" \/><figcaption class=\"wp-element-caption\">Wohnzimmer, Blick auf Veranda<\/figcaption><\/figure>\n\n\n\n<figure class=\"wp-block-image size-large\"><img data-recalc-dims=\"1\" loading=\"lazy\" decoding=\"async\" width=\"525\" height=\"394\" src=\"https:\/\/i0.wp.com\/www.urlaub-am-schwielowsee.de\/wp-content\/uploads\/2020\/08\/IMG_4752-13.jpg?resize=525%2C394\" alt=\"\" class=\"wp-image-187\" srcset=\"https:\/\/i0.wp.com\/www.urlaub-am-schwielowsee.de\/wp-content\/uploads\/2020\/08\/IMG_4752-13-scaled.jpg?resize=1024%2C768&amp;ssl=1 1024w, https:\/\/i0.wp.com\/www.urlaub-am-schwielowsee.de\/wp-content\/uploads\/2020\/08\/IMG_4752-13-scaled.jpg?resize=300%2C225&amp;ssl=1 300w, https:\/\/i0.wp.com\/www.urlaub-am-schwielowsee.de\/wp-content\/uploads\/2020\/08\/IMG_4752-13-scaled.jpg?resize=768%2C576&amp;ssl=1 768w, https:\/\/i0.wp.com\/www.urlaub-am-schwielowsee.de\/wp-content\/uploads\/2020\/08\/IMG_4752-13-scaled.jpg?resize=1536%2C1152&amp;ssl=1 1536w, https:\/\/i0.wp.com\/www.urlaub-am-schwielowsee.de\/wp-content\/uploads\/2020\/08\/IMG_4752-13-scaled.jpg?resize=2048%2C1536&amp;ssl=1 2048w\" sizes=\"auto, (max-width: 767px) 89vw, (max-width: 1000px) 54vw, (max-width: 1071px) 543px, 580px\" \/><figcaption class=\"wp-element-caption\">Schlafzimmer<\/figcaption><\/figure>\n\n\n\n<figure class=\"wp-block-image size-large\"><img data-recalc-dims=\"1\" loading=\"lazy\" decoding=\"async\" width=\"525\" height=\"700\" src=\"https:\/\/i0.wp.com\/www.urlaub-am-schwielowsee.de\/wp-content\/uploads\/2020\/08\/IMG_4753.jpg?resize=525%2C700\" alt=\"\" class=\"wp-image-188\" srcset=\"https:\/\/i0.wp.com\/www.urlaub-am-schwielowsee.de\/wp-content\/uploads\/2020\/08\/IMG_4753-scaled.jpg?resize=768%2C1024&amp;ssl=1 768w, https:\/\/i0.wp.com\/www.urlaub-am-schwielowsee.de\/wp-content\/uploads\/2020\/08\/IMG_4753-scaled.jpg?resize=225%2C300&amp;ssl=1 225w, https:\/\/i0.wp.com\/www.urlaub-am-schwielowsee.de\/wp-content\/uploads\/2020\/08\/IMG_4753-scaled.jpg?resize=1152%2C1536&amp;ssl=1 1152w, https:\/\/i0.wp.com\/www.urlaub-am-schwielowsee.de\/wp-content\/uploads\/2020\/08\/IMG_4753-scaled.jpg?resize=1536%2C2048&amp;ssl=1 1536w, https:\/\/i0.wp.com\/www.urlaub-am-schwielowsee.de\/wp-content\/uploads\/2020\/08\/IMG_4753-scaled.jpg?w=1920&amp;ssl=1 1920w, https:\/\/i0.wp.com\/www.urlaub-am-schwielowsee.de\/wp-content\/uploads\/2020\/08\/IMG_4753-scaled.jpg?w=1050 1050w\" sizes=\"auto, (max-width: 767px) 89vw, (max-width: 1000px) 54vw, (max-width: 1071px) 543px, 580px\" \/><figcaption class=\"wp-element-caption\">Schlafzimmer<\/figcaption><\/figure>\n\n\n\n<p><\/p>\n\n\n<div class=\"wp-block-image\">\n<figure class=\"aligncenter size-large\"><img data-recalc-dims=\"1\" loading=\"lazy\" decoding=\"async\" width=\"525\" height=\"700\" src=\"https:\/\/i0.wp.com\/www.urlaub-am-schwielowsee.de\/wp-content\/uploads\/2020\/08\/IMG_4755-scaled.jpg?resize=525%2C700\" alt=\"\" class=\"wp-image-189\" srcset=\"https:\/\/i0.wp.com\/www.urlaub-am-schwielowsee.de\/wp-content\/uploads\/2020\/08\/IMG_4755-scaled.jpg?w=1920&amp;ssl=1 1920w, https:\/\/i0.wp.com\/www.urlaub-am-schwielowsee.de\/wp-content\/uploads\/2020\/08\/IMG_4755-scaled.jpg?resize=225%2C300&amp;ssl=1 225w, https:\/\/i0.wp.com\/www.urlaub-am-schwielowsee.de\/wp-content\/uploads\/2020\/08\/IMG_4755-scaled.jpg?resize=1152%2C1536&amp;ssl=1 1152w, https:\/\/i0.wp.com\/www.urlaub-am-schwielowsee.de\/wp-content\/uploads\/2020\/08\/IMG_4755-scaled.jpg?resize=1536%2C2048&amp;ssl=1 1536w, https:\/\/i0.wp.com\/www.urlaub-am-schwielowsee.de\/wp-content\/uploads\/2020\/08\/IMG_4755-scaled.jpg?w=1050 1050w\" sizes=\"auto, (max-width: 767px) 89vw, (max-width: 1000px) 54vw, (max-width: 1071px) 543px, 580px\" \/><figcaption class=\"wp-element-caption\">Duschbad<\/figcaption><\/figure><\/div>\n\n\n<h2 class=\"wp-block-heading has-text-align-center\">Das Umland &#8211; der Schwielowsee<\/h2>\n\n\n\n<figure class=\"wp-block-gallery has-nested-images columns-default is-cropped wp-block-gallery-1 is-layout-flex wp-block-gallery-is-layout-flex\">\n<figure class=\"wp-block-image size-large\"><img data-recalc-dims=\"1\" loading=\"lazy\" decoding=\"async\" width=\"525\" height=\"700\" data-id=\"56\" src=\"https:\/\/i0.wp.com\/www.urlaub-am-schwielowsee.de\/wp-content\/uploads\/2019\/08\/953A307B-4B32-49AA-8CDE-F9607905CECF-e1565802851459-768x1024.jpeg?resize=525%2C700&#038;ssl=1\" alt=\"\" class=\"wp-image-56\" srcset=\"https:\/\/i0.wp.com\/www.urlaub-am-schwielowsee.de\/wp-content\/uploads\/2019\/08\/953A307B-4B32-49AA-8CDE-F9607905CECF-e1565802851459.jpeg?resize=768%2C1024&amp;ssl=1 768w, https:\/\/i0.wp.com\/www.urlaub-am-schwielowsee.de\/wp-content\/uploads\/2019\/08\/953A307B-4B32-49AA-8CDE-F9607905CECF-e1565802851459.jpeg?resize=225%2C300&amp;ssl=1 225w, https:\/\/i0.wp.com\/www.urlaub-am-schwielowsee.de\/wp-content\/uploads\/2019\/08\/953A307B-4B32-49AA-8CDE-F9607905CECF-e1565802851459.jpeg?w=1050 1050w, https:\/\/i0.wp.com\/www.urlaub-am-schwielowsee.de\/wp-content\/uploads\/2019\/08\/953A307B-4B32-49AA-8CDE-F9607905CECF-e1565802851459.jpeg?w=1575 1575w\" sizes=\"auto, (max-width: 767px) 89vw, (max-width: 1000px) 54vw, (max-width: 1071px) 543px, 580px\" \/><figcaption class=\"wp-element-caption\">Coctail und Wein am Abend<\/figcaption><\/figure>\n\n\n\n<figure class=\"wp-block-image size-large\"><img data-recalc-dims=\"1\" loading=\"lazy\" decoding=\"async\" width=\"525\" height=\"394\" data-id=\"55\" src=\"https:\/\/i0.wp.com\/www.urlaub-am-schwielowsee.de\/wp-content\/uploads\/2019\/08\/F942E0E3-C750-4475-A175-0CBF50F7D20A-1024x768.jpeg?resize=525%2C394&#038;ssl=1\" alt=\"\" class=\"wp-image-55\" srcset=\"https:\/\/i0.wp.com\/www.urlaub-am-schwielowsee.de\/wp-content\/uploads\/2019\/08\/F942E0E3-C750-4475-A175-0CBF50F7D20A.jpeg?resize=1024%2C768&amp;ssl=1 1024w, https:\/\/i0.wp.com\/www.urlaub-am-schwielowsee.de\/wp-content\/uploads\/2019\/08\/F942E0E3-C750-4475-A175-0CBF50F7D20A.jpeg?resize=300%2C225&amp;ssl=1 300w, https:\/\/i0.wp.com\/www.urlaub-am-schwielowsee.de\/wp-content\/uploads\/2019\/08\/F942E0E3-C750-4475-A175-0CBF50F7D20A.jpeg?resize=768%2C576&amp;ssl=1 768w, https:\/\/i0.wp.com\/www.urlaub-am-schwielowsee.de\/wp-content\/uploads\/2019\/08\/F942E0E3-C750-4475-A175-0CBF50F7D20A.jpeg?w=1575 1575w\" sizes=\"auto, (max-width: 767px) 89vw, (max-width: 1000px) 54vw, (max-width: 1071px) 543px, 580px\" \/><figcaption class=\"wp-element-caption\">Bootssteg in Flottstelle<\/figcaption><\/figure>\n\n\n\n<figure class=\"wp-block-image size-large\"><img data-recalc-dims=\"1\" loading=\"lazy\" decoding=\"async\" width=\"525\" height=\"394\" data-id=\"53\" src=\"https:\/\/i0.wp.com\/www.urlaub-am-schwielowsee.de\/wp-content\/uploads\/2019\/08\/860DF62B-65EF-4AB1-BE1A-FC96FE23B4F2-1024x768.jpeg?resize=525%2C394&#038;ssl=1\" alt=\"\" class=\"wp-image-53\" srcset=\"https:\/\/i0.wp.com\/www.urlaub-am-schwielowsee.de\/wp-content\/uploads\/2019\/08\/860DF62B-65EF-4AB1-BE1A-FC96FE23B4F2.jpeg?resize=1024%2C768&amp;ssl=1 1024w, https:\/\/i0.wp.com\/www.urlaub-am-schwielowsee.de\/wp-content\/uploads\/2019\/08\/860DF62B-65EF-4AB1-BE1A-FC96FE23B4F2.jpeg?resize=300%2C225&amp;ssl=1 300w, https:\/\/i0.wp.com\/www.urlaub-am-schwielowsee.de\/wp-content\/uploads\/2019\/08\/860DF62B-65EF-4AB1-BE1A-FC96FE23B4F2.jpeg?resize=768%2C576&amp;ssl=1 768w, https:\/\/i0.wp.com\/www.urlaub-am-schwielowsee.de\/wp-content\/uploads\/2019\/08\/860DF62B-65EF-4AB1-BE1A-FC96FE23B4F2.jpeg?w=1575 1575w\" sizes=\"auto, (max-width: 767px) 89vw, (max-width: 1000px) 54vw, (max-width: 1071px) 543px, 580px\" \/><figcaption class=\"wp-element-caption\">Der Schwielowsee &#8211; herrlich!<\/figcaption><\/figure>\n\n\n\n<figure class=\"wp-block-image size-large\"><img data-recalc-dims=\"1\" loading=\"lazy\" decoding=\"async\" width=\"525\" height=\"700\" data-id=\"54\" src=\"https:\/\/i0.wp.com\/www.urlaub-am-schwielowsee.de\/wp-content\/uploads\/2019\/08\/B64B4AD0-21DC-4C0B-B4DB-F46C83F87C5C-e1565802868851-768x1024.jpeg?resize=525%2C700&#038;ssl=1\" alt=\"\" class=\"wp-image-54\" srcset=\"https:\/\/i0.wp.com\/www.urlaub-am-schwielowsee.de\/wp-content\/uploads\/2019\/08\/B64B4AD0-21DC-4C0B-B4DB-F46C83F87C5C-e1565802868851.jpeg?resize=768%2C1024&amp;ssl=1 768w, https:\/\/i0.wp.com\/www.urlaub-am-schwielowsee.de\/wp-content\/uploads\/2019\/08\/B64B4AD0-21DC-4C0B-B4DB-F46C83F87C5C-e1565802868851.jpeg?resize=225%2C300&amp;ssl=1 225w, https:\/\/i0.wp.com\/www.urlaub-am-schwielowsee.de\/wp-content\/uploads\/2019\/08\/B64B4AD0-21DC-4C0B-B4DB-F46C83F87C5C-e1565802868851.jpeg?w=1050 1050w, https:\/\/i0.wp.com\/www.urlaub-am-schwielowsee.de\/wp-content\/uploads\/2019\/08\/B64B4AD0-21DC-4C0B-B4DB-F46C83F87C5C-e1565802868851.jpeg?w=1575 1575w\" sizes=\"auto, (max-width: 767px) 89vw, (max-width: 1000px) 54vw, (max-width: 1071px) 543px, 580px\" \/><figcaption class=\"wp-element-caption\">Schwielowsee kurz vor Sonnenuntergang<\/figcaption><\/figure>\n\n\n\n<figure class=\"wp-block-image size-large\"><img data-recalc-dims=\"1\" loading=\"lazy\" decoding=\"async\" width=\"525\" height=\"394\" data-id=\"196\" src=\"https:\/\/i0.wp.com\/www.urlaub-am-schwielowsee.de\/wp-content\/uploads\/2020\/08\/IMG_6891-1-1024x768.jpg?resize=525%2C394&#038;ssl=1\" alt=\"\" class=\"wp-image-196\" srcset=\"https:\/\/i0.wp.com\/www.urlaub-am-schwielowsee.de\/wp-content\/uploads\/2020\/08\/IMG_6891-1-scaled.jpg?resize=1024%2C768&amp;ssl=1 1024w, https:\/\/i0.wp.com\/www.urlaub-am-schwielowsee.de\/wp-content\/uploads\/2020\/08\/IMG_6891-1-scaled.jpg?resize=300%2C225&amp;ssl=1 300w, https:\/\/i0.wp.com\/www.urlaub-am-schwielowsee.de\/wp-content\/uploads\/2020\/08\/IMG_6891-1-scaled.jpg?resize=768%2C576&amp;ssl=1 768w, https:\/\/i0.wp.com\/www.urlaub-am-schwielowsee.de\/wp-content\/uploads\/2020\/08\/IMG_6891-1-scaled.jpg?resize=1536%2C1152&amp;ssl=1 1536w, https:\/\/i0.wp.com\/www.urlaub-am-schwielowsee.de\/wp-content\/uploads\/2020\/08\/IMG_6891-1-scaled.jpg?resize=2048%2C1536&amp;ssl=1 2048w\" sizes=\"auto, (max-width: 767px) 89vw, (max-width: 1000px) 54vw, (max-width: 1071px) 543px, 580px\" \/><figcaption class=\"wp-element-caption\">Sundown&#8230;<\/figcaption><\/figure>\n<\/figure>\n\n\n","protected":false},"excerpt":{"rendered":"<p>Haus Sonnenblitz Innenansichten Das Umland &#8211; der Schwielowsee<\/p>\n","protected":false},"author":1,"featured_media":0,"parent":0,"menu_order":0,"comment_status":"closed","ping_status":"closed","template":"","meta":{"footnotes":""},"class_list":["post-39","page","type-page","status-publish","hentry"],"yoast_head":"<!-- This site is optimized with the Yoast SEO plugin v25.6 - https:\/\/yoast.com\/wordpress\/plugins\/seo\/ -->\n<title>Galerie - Urlaub am Schwielowsee<\/title>\n<meta name=\"robots\" content=\"index, follow, max-snippet:-1, max-image-preview:large, max-video-preview:-1\" \/>\n<link rel=\"canonical\" href=\"https:\/\/www.urlaub-am-schwielowsee.de\/?page_id=39\" \/>\n<meta property=\"og:locale\" content=\"de_DE\" \/>\n<meta property=\"og:type\" content=\"article\" \/>\n<meta property=\"og:title\" content=\"Galerie - Urlaub am Schwielowsee\" \/>\n<meta property=\"og:description\" content=\"Haus Sonnenblitz Innenansichten Das Umland &#8211; der Schwielowsee\" \/>\n<meta property=\"og:url\" content=\"https:\/\/www.urlaub-am-schwielowsee.de\/?page_id=39\" \/>\n<meta property=\"og:site_name\" content=\"Urlaub am Schwielowsee\" \/>\n<meta property=\"article:modified_time\" content=\"2025-08-03T12:07:18+00:00\" \/>\n<meta property=\"og:image\" content=\"http:\/\/www.urlaub-am-schwielowsee.de\/wp-content\/uploads\/2020\/08\/IMG_4607-1024x768.jpg\" \/>\n<meta name=\"twitter:card\" content=\"summary_large_image\" \/>\n<meta name=\"twitter:label1\" content=\"Gesch\u00e4tzte Lesezeit\" \/>\n\t<meta name=\"twitter:data1\" content=\"4\u00a0Minuten\" \/>\n<script type=\"application\/ld+json\" class=\"yoast-schema-graph\">{\"@context\":\"https:\/\/schema.org\",\"@graph\":[{\"@type\":\"WebPage\",\"@id\":\"https:\/\/www.urlaub-am-schwielowsee.de\/?page_id=39\",\"url\":\"https:\/\/www.urlaub-am-schwielowsee.de\/?page_id=39\",\"name\":\"Galerie - Urlaub am Schwielowsee\",\"isPartOf\":{\"@id\":\"https:\/\/www.urlaub-am-schwielowsee.de\/#website\"},\"primaryImageOfPage\":{\"@id\":\"https:\/\/www.urlaub-am-schwielowsee.de\/?page_id=39#primaryimage\"},\"image\":{\"@id\":\"https:\/\/www.urlaub-am-schwielowsee.de\/?page_id=39#primaryimage\"},\"thumbnailUrl\":\"http:\/\/www.urlaub-am-schwielowsee.de\/wp-content\/uploads\/2020\/08\/IMG_4607-1024x768.jpg\",\"datePublished\":\"2019-08-13T20:58:11+00:00\",\"dateModified\":\"2025-08-03T12:07:18+00:00\",\"breadcrumb\":{\"@id\":\"https:\/\/www.urlaub-am-schwielowsee.de\/?page_id=39#breadcrumb\"},\"inLanguage\":\"de\",\"potentialAction\":[{\"@type\":\"ReadAction\",\"target\":[\"https:\/\/www.urlaub-am-schwielowsee.de\/?page_id=39\"]}]},{\"@type\":\"ImageObject\",\"inLanguage\":\"de\",\"@id\":\"https:\/\/www.urlaub-am-schwielowsee.de\/?page_id=39#primaryimage\",\"url\":\"https:\/\/i0.wp.com\/www.urlaub-am-schwielowsee.de\/wp-content\/uploads\/2020\/08\/IMG_4607-scaled.jpg?fit=2560%2C1920&ssl=1\",\"contentUrl\":\"https:\/\/i0.wp.com\/www.urlaub-am-schwielowsee.de\/wp-content\/uploads\/2020\/08\/IMG_4607-scaled.jpg?fit=2560%2C1920&ssl=1\",\"width\":2560,\"height\":1920},{\"@type\":\"BreadcrumbList\",\"@id\":\"https:\/\/www.urlaub-am-schwielowsee.de\/?page_id=39#breadcrumb\",\"itemListElement\":[{\"@type\":\"ListItem\",\"position\":1,\"name\":\"Startseite\",\"item\":\"https:\/\/www.urlaub-am-schwielowsee.de\/\"},{\"@type\":\"ListItem\",\"position\":2,\"name\":\"Galerie\"}]},{\"@type\":\"WebSite\",\"@id\":\"https:\/\/www.urlaub-am-schwielowsee.de\/#website\",\"url\":\"https:\/\/www.urlaub-am-schwielowsee.de\/\",\"name\":\"Urlaub am Schwielowsee\",\"description\":\"... und jedes Wochenende ist ein Feuerwerk!\",\"publisher\":{\"@id\":\"https:\/\/www.urlaub-am-schwielowsee.de\/#organization\"},\"potentialAction\":[{\"@type\":\"SearchAction\",\"target\":{\"@type\":\"EntryPoint\",\"urlTemplate\":\"https:\/\/www.urlaub-am-schwielowsee.de\/?s={search_term_string}\"},\"query-input\":{\"@type\":\"PropertyValueSpecification\",\"valueRequired\":true,\"valueName\":\"search_term_string\"}}],\"inLanguage\":\"de\"},{\"@type\":\"Organization\",\"@id\":\"https:\/\/www.urlaub-am-schwielowsee.de\/#organization\",\"name\":\"Ferienhaus Sonnenblitz\",\"url\":\"https:\/\/www.urlaub-am-schwielowsee.de\/\",\"logo\":{\"@type\":\"ImageObject\",\"inLanguage\":\"de\",\"@id\":\"https:\/\/www.urlaub-am-schwielowsee.de\/#\/schema\/logo\/image\/\",\"url\":\"\",\"contentUrl\":\"\",\"caption\":\"Ferienhaus Sonnenblitz\"},\"image\":{\"@id\":\"https:\/\/www.urlaub-am-schwielowsee.de\/#\/schema\/logo\/image\/\"}}]}<\/script>\n<!-- \/ Yoast SEO plugin. -->","yoast_head_json":{"title":"Galerie - Urlaub am Schwielowsee","robots":{"index":"index","follow":"follow","max-snippet":"max-snippet:-1","max-image-preview":"max-image-preview:large","max-video-preview":"max-video-preview:-1"},"canonical":"https:\/\/www.urlaub-am-schwielowsee.de\/?page_id=39","og_locale":"de_DE","og_type":"article","og_title":"Galerie - Urlaub am Schwielowsee","og_description":"Haus Sonnenblitz Innenansichten Das Umland &#8211; der Schwielowsee","og_url":"https:\/\/www.urlaub-am-schwielowsee.de\/?page_id=39","og_site_name":"Urlaub am Schwielowsee","article_modified_time":"2025-08-03T12:07:18+00:00","og_image":[{"url":"http:\/\/www.urlaub-am-schwielowsee.de\/wp-content\/uploads\/2020\/08\/IMG_4607-1024x768.jpg","type":"","width":"","height":""}],"twitter_card":"summary_large_image","twitter_misc":{"Gesch\u00e4tzte Lesezeit":"4\u00a0Minuten"},"schema":{"@context":"https:\/\/schema.org","@graph":[{"@type":"WebPage","@id":"https:\/\/www.urlaub-am-schwielowsee.de\/?page_id=39","url":"https:\/\/www.urlaub-am-schwielowsee.de\/?page_id=39","name":"Galerie - Urlaub am Schwielowsee","isPartOf":{"@id":"https:\/\/www.urlaub-am-schwielowsee.de\/#website"},"primaryImageOfPage":{"@id":"https:\/\/www.urlaub-am-schwielowsee.de\/?page_id=39#primaryimage"},"image":{"@id":"https:\/\/www.urlaub-am-schwielowsee.de\/?page_id=39#primaryimage"},"thumbnailUrl":"http:\/\/www.urlaub-am-schwielowsee.de\/wp-content\/uploads\/2020\/08\/IMG_4607-1024x768.jpg","datePublished":"2019-08-13T20:58:11+00:00","dateModified":"2025-08-03T12:07:18+00:00","breadcrumb":{"@id":"https:\/\/www.urlaub-am-schwielowsee.de\/?page_id=39#breadcrumb"},"inLanguage":"de","potentialAction":[{"@type":"ReadAction","target":["https:\/\/www.urlaub-am-schwielowsee.de\/?page_id=39"]}]},{"@type":"ImageObject","inLanguage":"de","@id":"https:\/\/www.urlaub-am-schwielowsee.de\/?page_id=39#primaryimage","url":"https:\/\/i0.wp.com\/www.urlaub-am-schwielowsee.de\/wp-content\/uploads\/2020\/08\/IMG_4607-scaled.jpg?fit=2560%2C1920&ssl=1","contentUrl":"https:\/\/i0.wp.com\/www.urlaub-am-schwielowsee.de\/wp-content\/uploads\/2020\/08\/IMG_4607-scaled.jpg?fit=2560%2C1920&ssl=1","width":2560,"height":1920},{"@type":"BreadcrumbList","@id":"https:\/\/www.urlaub-am-schwielowsee.de\/?page_id=39#breadcrumb","itemListElement":[{"@type":"ListItem","position":1,"name":"Startseite","item":"https:\/\/www.urlaub-am-schwielowsee.de\/"},{"@type":"ListItem","position":2,"name":"Galerie"}]},{"@type":"WebSite","@id":"https:\/\/www.urlaub-am-schwielowsee.de\/#website","url":"https:\/\/www.urlaub-am-schwielowsee.de\/","name":"Urlaub am Schwielowsee","description":"... und jedes Wochenende ist ein Feuerwerk!","publisher":{"@id":"https:\/\/www.urlaub-am-schwielowsee.de\/#organization"},"potentialAction":[{"@type":"SearchAction","target":{"@type":"EntryPoint","urlTemplate":"https:\/\/www.urlaub-am-schwielowsee.de\/?s={search_term_string}"},"query-input":{"@type":"PropertyValueSpecification","valueRequired":true,"valueName":"search_term_string"}}],"inLanguage":"de"},{"@type":"Organization","@id":"https:\/\/www.urlaub-am-schwielowsee.de\/#organization","name":"Ferienhaus Sonnenblitz","url":"https:\/\/www.urlaub-am-schwielowsee.de\/","logo":{"@type":"ImageObject","inLanguage":"de","@id":"https:\/\/www.urlaub-am-schwielowsee.de\/#\/schema\/logo\/image\/","url":"","contentUrl":"","caption":"Ferienhaus Sonnenblitz"},"image":{"@id":"https:\/\/www.urlaub-am-schwielowsee.de\/#\/schema\/logo\/image\/"}}]}},"jetpack_sharing_enabled":true,"_links":{"self":[{"href":"https:\/\/www.urlaub-am-schwielowsee.de\/index.php?rest_route=\/wp\/v2\/pages\/39","targetHints":{"allow":["GET"]}}],"collection":[{"href":"https:\/\/www.urlaub-am-schwielowsee.de\/index.php?rest_route=\/wp\/v2\/pages"}],"about":[{"href":"https:\/\/www.urlaub-am-schwielowsee.de\/index.php?rest_route=\/wp\/v2\/types\/page"}],"author":[{"embeddable":true,"href":"https:\/\/www.urlaub-am-schwielowsee.de\/index.php?rest_route=\/wp\/v2\/users\/1"}],"replies":[{"embeddable":true,"href":"https:\/\/www.urlaub-am-schwielowsee.de\/index.php?rest_route=%2Fwp%2Fv2%2Fcomments&post=39"}],"version-history":[{"count":17,"href":"https:\/\/www.urlaub-am-schwielowsee.de\/index.php?rest_route=\/wp\/v2\/pages\/39\/revisions"}],"predecessor-version":[{"id":270,"href":"https:\/\/www.urlaub-am-schwielowsee.de\/index.php?rest_route=\/wp\/v2\/pages\/39\/revisions\/270"}],"wp:attachment":[{"href":"https:\/\/www.urlaub-am-schwielowsee.de\/index.php?rest_route=%2Fwp%2Fv2%2Fmedia&parent=39"}],"curies":[{"name":"wp","href":"https:\/\/api.w.org\/{rel}","templated":true}]}}